{"id":1024,"date":"2025-09-09T09:57:17","date_gmt":"2025-09-09T07:57:17","guid":{"rendered":"https:\/\/lavoixdelisa.com\/?page_id=1024"},"modified":"2025-09-09T10:05:20","modified_gmt":"2025-09-09T08:05:20","slug":"politique-de-confidentialite-rgpd","status":"publish","type":"page","link":"https:\/\/lavoixdelisa.com\/en\/politique-de-confidentialite-rgpd\/","title":{"rendered":"Politique de confidentialit\u00e9 (RGPD)"},"content":{"rendered":"<div class=\"wp-block-stackable-heading stk-block-heading stk-block-heading--v2 stk-block stk-7831a00\" id=\"span-style-color-var-theme-palette-color-4-1-a-1-a-1-a-class-stk-highlight-1-identite-du-responsable-de-traitement-span\" data-block-id=\"7831a00\"><h2 class=\"stk-block-heading__text\"><span style=\"color: var(--theme-palette-color-4, #1A1A1A);\" class=\"stk-highlight\">1. Identit\u00e9 du responsable de traitement<\/span><\/h2><\/div>\n\n\n\n<p>Le responsable de traitement des donn\u00e9es personnelles collect\u00e9es sur ce site est :<\/p>\n\n\n\n<p>Elisa PORCHY \u2013 La voix d\u2019Elisa<\/p>\n\n\n\n<p>Adresse :\u00a0<a href=\"https:\/\/www.google.com\/maps\/search\/9+rue+Parmentier,+90000+Belfort?entry=gmail&amp;source=g\">9 rue Parmentier, 90000 Belfort<\/a><\/p>\n\n\n\n<p>Email :&nbsp;<a href=\"mailto:lavoixdelisa@gmail.com\" target=\"_blank\" rel=\"noreferrer noopener\">lavoixdelisa@gmail.com<\/a><\/p>\n\n\n\n<p>T\u00e9l\u00e9phone : +33 6 98 54 05 65<\/p>\n\n\n\n<div class=\"wp-block-stackable-heading stk-block-heading stk-block-heading--v2 stk-block stk-0ad5cdb\" id=\"2-donnees-collectees\" data-block-id=\"0ad5cdb\"><h2 class=\"stk-block-heading__text\">2. Donn\u00e9es collect\u00e9es<\/h2><\/div>\n\n\n\n<p>Les donn\u00e9es suivantes peuvent \u00eatre collect\u00e9es lors de l\u2019utilisation de ce site ou lors de la prise de rendez-vous :<\/p>\n\n\n\n<p>Nom et pr\u00e9nom<\/p>\n\n\n\n<p>Adresse email<\/p>\n\n\n\n<p>Num\u00e9ro de t\u00e9l\u00e9phone<\/p>\n\n\n\n<p>Adresse postale (si n\u00e9cessaire, par exemple pour l\u2019envoi d\u2019un courrier recommand\u00e9)<\/p>\n\n\n\n<p>Motif du rendez-vous<\/p>\n\n\n\n<p>Consentements li\u00e9s aux conditions (caract\u00e8re non m\u00e9dical de la prestation, contre-indications, limites des prestations, politique d\u2019annulation et de report des rendez-vous)<\/p>\n\n\n\n<div class=\"wp-block-stackable-heading stk-block-heading stk-block-heading--v2 stk-block stk-110d868\" id=\"3-finalites-du-traitement-et-bases-legales\" data-block-id=\"110d868\"><h2 class=\"stk-block-heading__text\">3. Finalit\u00e9s du traitement et bases l\u00e9gales<\/h2><\/div>\n\n\n\n<p>Les donn\u00e9es collect\u00e9es sont utilis\u00e9es pour :<\/p>\n\n\n\n<p>Gestion des rendez-vous (confirmation, rappel, contact en cas d\u2019annulation ou de modification) \u2013 Base l\u00e9gale : ex\u00e9cution du contrat.<\/p>\n\n\n\n<p>Respect de la politique d\u2019annulation : en cas d\u2019annulation ou report \u00e0 moins de 48h du rendez-vous, le client peut \u00eatre recontact\u00e9 par email ou courrier recommand\u00e9 pour proc\u00e9der au r\u00e8glement de la prestation due \u2013 Base l\u00e9gale : ex\u00e9cution du contrat.<\/p>\n\n\n\n<p>Envoi de la newsletter (si inscription volontaire) \u2013 Base l\u00e9gale : consentement explicite.<\/p>\n\n\n\n<div class=\"wp-block-stackable-heading stk-block-heading stk-block-heading--v2 stk-block stk-ddb338f\" id=\"4-duree-de-conservation\" data-block-id=\"ddb338f\"><h2 class=\"stk-block-heading__text\">4. Dur\u00e9e de conservation<\/h2><\/div>\n\n\n\n<p>Donn\u00e9es li\u00e9es aux rendez-vous : conserv\u00e9es pendant la dur\u00e9e de la relation contractuelle et archiv\u00e9es selon les obligations comptables (10 ans pour les factures).<\/p>\n\n\n\n<p>Donn\u00e9es li\u00e9es \u00e0 la newsletter : conserv\u00e9es tant que la personne ne se d\u00e9sinscrit pas (par lien de d\u00e9sinscription ou en \u00e9crivant \u00e0 l\u2019adresse email ci-dessus).<\/p>\n\n\n\n<div class=\"wp-block-stackable-heading stk-block-heading stk-block-heading--v2 stk-block stk-9bfa921\" id=\"5-sous-traitants-et-hebergement\" data-block-id=\"9bfa921\"><h2 class=\"stk-block-heading__text\">5. Sous-traitants et h\u00e9bergement<\/h2><\/div>\n\n\n\n<p>Le site est d\u00e9velopp\u00e9 sous WordPress.<\/p>\n\n\n\n<p>La prise de rendez-vous en ligne est g\u00e9r\u00e9e via le plugin Appointment Hour Booking.<\/p>\n\n\n\n<p>Ces services peuvent traiter certaines donn\u00e9es uniquement pour le bon fonctionnement du site et des rendez-vous.<\/p>\n\n\n\n<div class=\"wp-block-stackable-heading stk-block-heading stk-block-heading--v2 stk-block stk-6a46490\" id=\"6-droits-des-utilisateurs\" data-block-id=\"6a46490\"><h2 class=\"stk-block-heading__text\">6. Droits des utilisateurs<\/h2><\/div>\n\n\n\n<p>Conform\u00e9ment au R\u00e8glement G\u00e9n\u00e9ral sur la Protection des Donn\u00e9es (RGPD), toute personne dispose des droits suivants concernant ses donn\u00e9es personnelles :<\/p>\n\n\n\n<p>Droit d\u2019acc\u00e8s, de rectification et de mise \u00e0 jour,<\/p>\n\n\n\n<p>Droit \u00e0 l\u2019effacement (\u201cdroit \u00e0 l\u2019oubli\u201d),<\/p>\n\n\n\n<p>Droit \u00e0 la limitation ou \u00e0 l\u2019opposition au traitement,<\/p>\n\n\n\n<p>Droit de retirer son consentement \u00e0 tout moment (newsletter),<\/p>\n\n\n\n<p>Droit d\u2019introduire une r\u00e9clamation aupr\u00e8s de la CNIL (<a href=\"http:\/\/www.cnil.fr\/\" target=\"_blank\" rel=\"noreferrer noopener\">www.cnil.fr<\/a>).<\/p>\n\n\n\n<p>Pour exercer ces droits, il suffit d\u2019\u00e9crire \u00e0 :&nbsp;<a href=\"mailto:lavoixdelisa@gmail.com\" target=\"_blank\" rel=\"noreferrer noopener\">lavoixdelisa@gmail.com<\/a><\/p>\n\n\n\n<div class=\"wp-block-stackable-heading stk-block-heading stk-block-heading--v2 stk-block stk-f64166a\" id=\"7-cookies\" data-block-id=\"f64166a\"><h2 class=\"stk-block-heading__text\">7. Cookies<\/h2><\/div>\n\n\n\n<p>Ce site n\u2019utilise que des cookies strictement n\u00e9cessaires \u00e0 son bon fonctionnement (techniques).<\/p>\n\n\n\n<p>Aucun cookie de suivi publicitaire ou de mesure d\u2019audience n\u2019est install\u00e9.<\/p>","protected":false},"excerpt":{"rendered":"<p>1. Identit\u00e9 du responsable de traitement Le responsable de traitement des donn\u00e9es personnelles collect\u00e9es sur ce site est : Elisa PORCHY \u2013 La voix d\u2019Elisa Adresse :\u00a09 rue Parmentier, 90000 Belfort Email :&nbsp;lavoixdelisa@gmail.com T\u00e9l\u00e9phone : +33 6 98 54 05 65 2. Donn\u00e9es collect\u00e9es Les donn\u00e9es suivantes peuvent \u00eatre collect\u00e9es lors de l\u2019utilisation de ce [&hellip;]<\/p>\n","protected":false},"author":1,"featured_media":0,"parent":0,"menu_order":0,"comment_status":"closed","ping_status":"closed","template":"","meta":{"_uag_custom_page_level_css":"","footnotes":""},"class_list":["post-1024","page","type-page","status-publish","hentry"],"blocksy_meta":[],"uagb_featured_image_src":{"full":false,"thumbnail":false,"medium":false,"medium_large":false,"large":false,"1536x1536":false,"2048x2048":false,"trp-custom-language-flag":false},"uagb_author_info":{"display_name":"admin","author_link":"https:\/\/lavoixdelisa.com\/en\/author\/admin\/"},"uagb_comment_info":0,"uagb_excerpt":"1. Identit\u00e9 du responsable de traitement Le responsable de traitement des donn\u00e9es personnelles collect\u00e9es sur ce site est : Elisa PORCHY \u2013 La voix d\u2019Elisa Adresse :\u00a09 rue Parmentier, 90000 Belfort Email :&nbsp;lavoixdelisa@gmail.com T\u00e9l\u00e9phone : +33 6 98 54 05 65 2. Donn\u00e9es collect\u00e9es Les donn\u00e9es suivantes peuvent \u00eatre collect\u00e9es lors de l\u2019utilisation de ce&hellip;","_links":{"self":[{"href":"https:\/\/lavoixdelisa.com\/en\/wp-json\/wp\/v2\/pages\/1024","targetHints":{"allow":["GET"]}}],"collection":[{"href":"https:\/\/lavoixdelisa.com\/en\/wp-json\/wp\/v2\/pages"}],"about":[{"href":"https:\/\/lavoixdelisa.com\/en\/wp-json\/wp\/v2\/types\/page"}],"author":[{"embeddable":true,"href":"https:\/\/lavoixdelisa.com\/en\/wp-json\/wp\/v2\/users\/1"}],"replies":[{"embeddable":true,"href":"https:\/\/lavoixdelisa.com\/en\/wp-json\/wp\/v2\/comments?post=1024"}],"version-history":[{"count":2,"href":"https:\/\/lavoixdelisa.com\/en\/wp-json\/wp\/v2\/pages\/1024\/revisions"}],"predecessor-version":[{"id":1027,"href":"https:\/\/lavoixdelisa.com\/en\/wp-json\/wp\/v2\/pages\/1024\/revisions\/1027"}],"wp:attachment":[{"href":"https:\/\/lavoixdelisa.com\/en\/wp-json\/wp\/v2\/media?parent=1024"}],"curies":[{"name":"wp","href":"https:\/\/api.w.org\/{rel}","templated":true}]}}