{"id":1028,"date":"2025-09-09T10:24:49","date_gmt":"2025-09-09T08:24:49","guid":{"rendered":"https:\/\/lavoixdelisa.com\/?page_id=1028"},"modified":"2025-10-03T14:36:29","modified_gmt":"2025-10-03T12:36:29","slug":"mentions-legales","status":"publish","type":"page","link":"https:\/\/lavoixdelisa.com\/en\/mentions-legales\/","title":{"rendered":"Mentions l\u00e9gales"},"content":{"rendered":"<div class=\"wp-block-stackable-heading stk-block-heading stk-block-heading--v2 stk-block stk-e5a7198\" id=\"1-editeur-du-site\" data-block-id=\"e5a7198\"><h2 class=\"stk-block-heading__text\">1. \u00c9diteur du site<\/h2><\/div>\n\n\n\n<p>Le pr\u00e9sent site internet est \u00e9dit\u00e9 par :<\/p>\n\n\n\n<p>Elisa PORCHY (EI) \u2013 La voix d\u2019Elisa<\/p>\n\n\n\n<p>Hypnose Ericksonienne et prestations de bien-\u00eatre<\/p>\n\n\n\n<p>Si\u00e8ge social :&nbsp;<a href=\"https:\/\/www.google.com\/maps\/search\/9+rue+Parmentier,+90000+Belfort+%E2%80%93+France?entry=gmail&amp;source=g\">9 rue Parmentier, 90000 Belfort \u2013 France<\/a><\/p>\n\n\n\n<p>T\u00e9l\u00e9phone : +33 6 98 54 05 65<\/p>\n\n\n\n<p>Email :&nbsp;<a href=\"mailto:lavoixdelisa@gmail.com\" target=\"_blank\" rel=\"noreferrer noopener\">lavoixdelisa@gmail.com<\/a><\/p>\n\n\n\n<p>SIRET :\u00a099140339500015<\/p>\n\n\n\n<p>Statut : Micro-entreprise (Entreprise Individuelle)<\/p>\n\n\n\n<p>TVA non applicable \u2013 article 293 B du CGI<\/p>\n\n\n\n<div class=\"wp-block-stackable-heading stk-block-heading stk-block-heading--v2 stk-block stk-d55d921\" id=\"2-hebergeur-du-site\" data-block-id=\"d55d921\"><h2 class=\"stk-block-heading__text\">2. H\u00e9bergeur du site<\/h2><\/div>\n\n\n\n<p>Le site est h\u00e9berg\u00e9 par :<\/p>\n\n\n\n<p>IONOS SARL<\/p>\n\n\n\n<p>Adresse :&nbsp;<a href=\"https:\/\/www.google.com\/maps\/search\/7,+place+de+la+Gare?entry=gmail&amp;source=g\">7, place de la Gare<\/a>&nbsp;\u2013 BP 70109 \u2013 57200 Sarreguemines Cedex \u2013 France<\/p>\n\n\n\n<p>T\u00e9l\u00e9phone : 0970 808 911<\/p>\n\n\n\n<p>Site :&nbsp;<a href=\"http:\/\/www.ionos.fr\/\" target=\"_blank\" rel=\"noreferrer noopener\">www.ionos.fr<\/a><\/p>\n\n\n\n<div class=\"wp-block-stackable-heading stk-block-heading stk-block-heading--v2 stk-block stk-5a7e1ac\" id=\"3-propriete-intellectuelle\" data-block-id=\"5a7e1ac\"><h2 class=\"stk-block-heading__text\">3. Propri\u00e9t\u00e9 intellectuelle<\/h2><\/div>\n\n\n\n<p>L\u2019ensemble du contenu du site (textes, images, graphismes, logo, ic\u00f4nes, etc.) est la propri\u00e9t\u00e9 exclusive de Elisa Porchy (EI), sauf mention contraire.<\/p>\n\n\n\n<p>Toute reproduction, distribution, modification, adaptation, retransmission ou publication, m\u00eame partielle, est strictement interdite sans l\u2019accord \u00e9crit de l\u2019\u00e9diteur.<\/p>\n\n\n\n<div class=\"wp-block-stackable-heading stk-block-heading stk-block-heading--v2 stk-block stk-c939ded\" id=\"4-responsabilite\" data-block-id=\"c939ded\"><h2 class=\"stk-block-heading__text\">4. Responsabilit\u00e9<\/h2><\/div>\n\n\n\n<p>L\u2019\u00e9diteur s\u2019efforce de fournir sur le site des informations exactes et mises \u00e0 jour. Toutefois, il ne peut \u00eatre tenu responsable des omissions, inexactitudes ou carences dans la mise \u00e0 jour.<\/p>\n\n\n\n<p>Les prestations propos\u00e9es rel\u00e8vent du domaine du bien-\u00eatre et de l\u2019accompagnement non m\u00e9dical. Elles ne se substituent en aucun cas \u00e0 un suivi m\u00e9dical ou psychologique, ni \u00e0 un traitement prescrit par un professionnel de sant\u00e9.<\/p>\n\n\n\n<div class=\"wp-block-stackable-heading stk-block-heading stk-block-heading--v2 stk-block stk-838a14c\" id=\"5-donnees-personnelles\" data-block-id=\"838a14c\"><h2 class=\"stk-block-heading__text\">5. Donn\u00e9es personnelles<\/h2><\/div>\n\n\n\n<p>Pour les informations relatives \u00e0 la collecte et au traitement des donn\u00e9es personnelles, l\u2019utilisateur est invit\u00e9 \u00e0 consulter la page Politique de confidentialit\u00e9.<\/p>\n\n\n\n<div class=\"wp-block-stackable-heading stk-block-heading stk-block-heading--v2 stk-block stk-982b088\" id=\"6-liens-externes\" data-block-id=\"982b088\"><h2 class=\"stk-block-heading__text\">6. Liens externes<\/h2><\/div>\n\n\n\n<p>Le site peut contenir des liens hypertextes vers d\u2019autres sites internet. L\u2019\u00e9diteur n\u2019a pas la possibilit\u00e9 de v\u00e9rifier le contenu de ces sites et n\u2019assume donc aucune responsabilit\u00e9 \u00e0 ce titre.<\/p>\n\n\n\n<div class=\"wp-block-stackable-heading stk-block-heading stk-block-heading--v2 stk-block stk-c71829d\" id=\"7-droit-applicable-et-litige\" data-block-id=\"c71829d\"><h2 class=\"stk-block-heading__text\">7. Droit applicable et litige<\/h2><\/div>\n\n\n\n<p>Le site et son contenu sont soumis au droit fran\u00e7ais.<\/p>\n\n\n\n<blockquote class=\"wp-block-quote is-layout-flow wp-block-quote-is-layout-flow\">\n<p>Conform\u00e9ment aux articles L.611\u20111 et suivants du Code de la consommation, le consommateur peut, en cas de litige, recourir au service de m\u00e9diation souscrit par l&rsquo;entreprise aupr\u00e8s de la Soci\u00e9t\u00e9 M\u00e9diation Professionnelle (SMP). Pour plus d\u2019informations : https:\/\/www.mediation-professionnelle.fr <\/p>\n<\/blockquote>\n\n\n\n<p><\/p>","protected":false},"excerpt":{"rendered":"<p>1. \u00c9diteur du site Le pr\u00e9sent site internet est \u00e9dit\u00e9 par : Elisa PORCHY (EI) \u2013 La voix d\u2019Elisa Hypnose Ericksonienne et prestations de bien-\u00eatre Si\u00e8ge social :&nbsp;9 rue Parmentier, 90000 Belfort \u2013 France T\u00e9l\u00e9phone : +33 6 98 54 05 65 Email :&nbsp;lavoixdelisa@gmail.com SIRET :\u00a099140339500015 Statut : Micro-entreprise (Entreprise Individuelle) TVA non applicable \u2013 [&hellip;]<\/p>\n","protected":false},"author":1,"featured_media":0,"parent":0,"menu_order":0,"comment_status":"closed","ping_status":"closed","template":"","meta":{"_uag_custom_page_level_css":"","footnotes":""},"class_list":["post-1028","page","type-page","status-publish","hentry"],"blocksy_meta":[],"uagb_featured_image_src":{"full":false,"thumbnail":false,"medium":false,"medium_large":false,"large":false,"1536x1536":false,"2048x2048":false,"trp-custom-language-flag":false},"uagb_author_info":{"display_name":"admin","author_link":"https:\/\/lavoixdelisa.com\/en\/author\/admin\/"},"uagb_comment_info":0,"uagb_excerpt":"1. \u00c9diteur du site Le pr\u00e9sent site internet est \u00e9dit\u00e9 par : Elisa PORCHY (EI) \u2013 La voix d\u2019Elisa Hypnose Ericksonienne et prestations de bien-\u00eatre Si\u00e8ge social :&nbsp;9 rue Parmentier, 90000 Belfort \u2013 France T\u00e9l\u00e9phone : +33 6 98 54 05 65 Email :&nbsp;lavoixdelisa@gmail.com SIRET :\u00a099140339500015 Statut : Micro-entreprise (Entreprise Individuelle) TVA non applicable \u2013&hellip;","_links":{"self":[{"href":"https:\/\/lavoixdelisa.com\/en\/wp-json\/wp\/v2\/pages\/1028","targetHints":{"allow":["GET"]}}],"collection":[{"href":"https:\/\/lavoixdelisa.com\/en\/wp-json\/wp\/v2\/pages"}],"about":[{"href":"https:\/\/lavoixdelisa.com\/en\/wp-json\/wp\/v2\/types\/page"}],"author":[{"embeddable":true,"href":"https:\/\/lavoixdelisa.com\/en\/wp-json\/wp\/v2\/users\/1"}],"replies":[{"embeddable":true,"href":"https:\/\/lavoixdelisa.com\/en\/wp-json\/wp\/v2\/comments?post=1028"}],"version-history":[{"count":4,"href":"https:\/\/lavoixdelisa.com\/en\/wp-json\/wp\/v2\/pages\/1028\/revisions"}],"predecessor-version":[{"id":1088,"href":"https:\/\/lavoixdelisa.com\/en\/wp-json\/wp\/v2\/pages\/1028\/revisions\/1088"}],"wp:attachment":[{"href":"https:\/\/lavoixdelisa.com\/en\/wp-json\/wp\/v2\/media?parent=1028"}],"curies":[{"name":"wp","href":"https:\/\/api.w.org\/{rel}","templated":true}]}}